{"id":5135,"date":"2023-02-13T09:50:49","date_gmt":"2023-02-13T09:50:49","guid":{"rendered":"https:\/\/outsiderfurniture.com\/?post_type=product&#038;p=5135"},"modified":"2025-11-19T12:27:38","modified_gmt":"2025-11-19T12:27:38","slug":"plateau-saeder","status":"publish","type":"product","link":"https:\/\/outsiderfurniture.com\/da\/product\/plateau-saeder\/","title":{"rendered":"Plateau S\u00e6der"},"content":{"rendered":"","protected":false},"excerpt":{"rendered":"","protected":false},"author":16,"featured_media":5137,"comment_status":"closed","ping_status":"closed","template":"","product-categories":[89],"familier":[44],"class_list":["post-5135","product","type-product","status-publish","has-post-thumbnail","hentry","product-categories-baenke","familier-plateau"],"acf":[],"yoast_head":"<!-- This site is optimized with the Yoast SEO plugin v27.3 - https:\/\/yoast.com\/product\/yoast-seo-wordpress\/ -->\n<title>Plateau S\u00e6der &#8211; out-sider<\/title>\n<meta name=\"description\" content=\"Plateau S\u00e6der: Vedligeholdelsesfri, robust og tilpasselig s\u00e6de i 6 farver. Ideel til skoler, byrum og parker. Plads til op til 4 personer.\" \/>\n<meta name=\"robots\" content=\"index, follow, max-snippet:-1, max-image-preview:large, max-video-preview:-1\" \/>\n<link rel=\"canonical\" href=\"https:\/\/outsiderfurniture.com\/product\/plateau-saeder\/\" \/>\n<meta property=\"og:locale\" content=\"da_DK\" \/>\n<meta property=\"og:type\" content=\"article\" \/>\n<meta property=\"og:title\" content=\"Plateau S\u00e6der &#8211; out-sider\" \/>\n<meta property=\"og:description\" content=\"Plateau S\u00e6der: Vedligeholdelsesfri, robust og tilpasselig s\u00e6de i 6 farver. Ideel til skoler, byrum og parker. Plads til op til 4 personer.\" \/>\n<meta property=\"og:url\" content=\"https:\/\/outsiderfurniture.com\/product\/plateau-saeder\/\" \/>\n<meta property=\"og:site_name\" content=\"out-sider\" \/>\n<meta property=\"article:publisher\" content=\"https:\/\/www.facebook.com\/outsidercopenhagen\" \/>\n<meta property=\"article:modified_time\" content=\"2025-11-19T12:27:38+00:00\" \/>\n<meta property=\"og:image\" content=\"https:\/\/outsiderfurniture.com\/wp-content\/uploads\/2023\/02\/PLATEAU-Seat-medium-00-1800x1200px.jpg\" \/>\n\t<meta property=\"og:image:width\" content=\"1800\" \/>\n\t<meta property=\"og:image:height\" content=\"1199\" \/>\n\t<meta property=\"og:image:type\" content=\"image\/jpeg\" \/>\n<meta name=\"twitter:card\" content=\"summary_large_image\" \/>\n<meta name=\"twitter:label1\" content=\"Estimeret l\u00e6setid\" \/>\n\t<meta name=\"twitter:data1\" content=\"11 minutter\" \/>\n<script type=\"application\/ld+json\" class=\"yoast-schema-graph\">{\"@context\":\"https:\\\/\\\/schema.org\",\"@graph\":[{\"@type\":\"WebPage\",\"@id\":\"https:\\\/\\\/outsiderfurniture.com\\\/product\\\/plateau-saeder\\\/\",\"url\":\"https:\\\/\\\/outsiderfurniture.com\\\/product\\\/plateau-saeder\\\/\",\"name\":\"Plateau S\u00e6der &#8211; out-sider\",\"isPartOf\":{\"@id\":\"https:\\\/\\\/outsiderfurniture.com\\\/#website\"},\"primaryImageOfPage\":{\"@id\":\"https:\\\/\\\/outsiderfurniture.com\\\/product\\\/plateau-saeder\\\/#primaryimage\"},\"image\":{\"@id\":\"https:\\\/\\\/outsiderfurniture.com\\\/product\\\/plateau-saeder\\\/#primaryimage\"},\"thumbnailUrl\":\"https:\\\/\\\/outsiderfurniture.com\\\/wp-content\\\/uploads\\\/2023\\\/02\\\/PLATEAU-Seat-medium-00-1800x1200px.jpg\",\"datePublished\":\"2023-02-13T09:50:49+00:00\",\"dateModified\":\"2025-11-19T12:27:38+00:00\",\"description\":\"Plateau S\u00e6der: Vedligeholdelsesfri, robust og tilpasselig s\u00e6de i 6 farver. Ideel til skoler, byrum og parker. Plads til op til 4 personer.\",\"breadcrumb\":{\"@id\":\"https:\\\/\\\/outsiderfurniture.com\\\/product\\\/plateau-saeder\\\/#breadcrumb\"},\"inLanguage\":\"da-DK\",\"potentialAction\":[{\"@type\":\"ReadAction\",\"target\":[\"https:\\\/\\\/outsiderfurniture.com\\\/product\\\/plateau-saeder\\\/\"]}]},{\"@type\":\"ImageObject\",\"inLanguage\":\"da-DK\",\"@id\":\"https:\\\/\\\/outsiderfurniture.com\\\/product\\\/plateau-saeder\\\/#primaryimage\",\"url\":\"https:\\\/\\\/outsiderfurniture.com\\\/wp-content\\\/uploads\\\/2023\\\/02\\\/PLATEAU-Seat-medium-00-1800x1200px.jpg\",\"contentUrl\":\"https:\\\/\\\/outsiderfurniture.com\\\/wp-content\\\/uploads\\\/2023\\\/02\\\/PLATEAU-Seat-medium-00-1800x1200px.jpg\",\"width\":1800,\"height\":1199},{\"@type\":\"BreadcrumbList\",\"@id\":\"https:\\\/\\\/outsiderfurniture.com\\\/product\\\/plateau-saeder\\\/#breadcrumb\",\"itemListElement\":[{\"@type\":\"ListItem\",\"position\":1,\"name\":\"Home\",\"item\":\"https:\\\/\\\/outsiderfurniture.com\\\/da\\\/\"},{\"@type\":\"ListItem\",\"position\":2,\"name\":\"Plateau S\u00e6der\"}]},{\"@type\":\"WebSite\",\"@id\":\"https:\\\/\\\/outsiderfurniture.com\\\/#website\",\"url\":\"https:\\\/\\\/outsiderfurniture.com\\\/\",\"name\":\"out-sider\",\"description\":\"Rethink Urban Space\",\"publisher\":{\"@id\":\"https:\\\/\\\/outsiderfurniture.com\\\/#organization\"},\"potentialAction\":[{\"@type\":\"SearchAction\",\"target\":{\"@type\":\"EntryPoint\",\"urlTemplate\":\"https:\\\/\\\/outsiderfurniture.com\\\/?s={search_term_string}\"},\"query-input\":{\"@type\":\"PropertyValueSpecification\",\"valueRequired\":true,\"valueName\":\"search_term_string\"}}],\"inLanguage\":\"da-DK\"},{\"@type\":\"Organization\",\"@id\":\"https:\\\/\\\/outsiderfurniture.com\\\/#organization\",\"name\":\"out-sider A\\\/S\",\"url\":\"https:\\\/\\\/outsiderfurniture.com\\\/\",\"logo\":{\"@type\":\"ImageObject\",\"inLanguage\":\"da-DK\",\"@id\":\"https:\\\/\\\/outsiderfurniture.com\\\/#\\\/schema\\\/logo\\\/image\\\/\",\"url\":\"https:\\\/\\\/outsiderfurniture.com\\\/wp-content\\\/uploads\\\/2024\\\/01\\\/307767742_485762666897697_5573944205437825709_n-2.png\",\"contentUrl\":\"https:\\\/\\\/outsiderfurniture.com\\\/wp-content\\\/uploads\\\/2024\\\/01\\\/307767742_485762666897697_5573944205437825709_n-2.png\",\"width\":480,\"height\":480,\"caption\":\"out-sider A\\\/S\"},\"image\":{\"@id\":\"https:\\\/\\\/outsiderfurniture.com\\\/#\\\/schema\\\/logo\\\/image\\\/\"},\"sameAs\":[\"https:\\\/\\\/www.facebook.com\\\/outsidercopenhagen\",\"https:\\\/\\\/www.linkedin.com\\\/company\\\/out-sider\\\/\"]}]}<\/script>\n<!-- \/ Yoast SEO plugin. -->","yoast_head_json":{"title":"Plateau S\u00e6der &#8211; out-sider","description":"Plateau S\u00e6der: Vedligeholdelsesfri, robust og tilpasselig s\u00e6de i 6 farver. Ideel til skoler, byrum og parker. Plads til op til 4 personer.","robots":{"index":"index","follow":"follow","max-snippet":"max-snippet:-1","max-image-preview":"max-image-preview:large","max-video-preview":"max-video-preview:-1"},"canonical":"https:\/\/outsiderfurniture.com\/product\/plateau-saeder\/","og_locale":"da_DK","og_type":"article","og_title":"Plateau S\u00e6der &#8211; out-sider","og_description":"Plateau S\u00e6der: Vedligeholdelsesfri, robust og tilpasselig s\u00e6de i 6 farver. Ideel til skoler, byrum og parker. Plads til op til 4 personer.","og_url":"https:\/\/outsiderfurniture.com\/product\/plateau-saeder\/","og_site_name":"out-sider","article_publisher":"https:\/\/www.facebook.com\/outsidercopenhagen","article_modified_time":"2025-11-19T12:27:38+00:00","og_image":[{"width":1800,"height":1199,"url":"https:\/\/outsiderfurniture.com\/wp-content\/uploads\/2023\/02\/PLATEAU-Seat-medium-00-1800x1200px.jpg","type":"image\/jpeg"}],"twitter_card":"summary_large_image","twitter_misc":{"Estimeret l\u00e6setid":"11 minutter"},"schema":{"@context":"https:\/\/schema.org","@graph":[{"@type":"WebPage","@id":"https:\/\/outsiderfurniture.com\/product\/plateau-saeder\/","url":"https:\/\/outsiderfurniture.com\/product\/plateau-saeder\/","name":"Plateau S\u00e6der &#8211; out-sider","isPartOf":{"@id":"https:\/\/outsiderfurniture.com\/#website"},"primaryImageOfPage":{"@id":"https:\/\/outsiderfurniture.com\/product\/plateau-saeder\/#primaryimage"},"image":{"@id":"https:\/\/outsiderfurniture.com\/product\/plateau-saeder\/#primaryimage"},"thumbnailUrl":"https:\/\/outsiderfurniture.com\/wp-content\/uploads\/2023\/02\/PLATEAU-Seat-medium-00-1800x1200px.jpg","datePublished":"2023-02-13T09:50:49+00:00","dateModified":"2025-11-19T12:27:38+00:00","description":"Plateau S\u00e6der: Vedligeholdelsesfri, robust og tilpasselig s\u00e6de i 6 farver. Ideel til skoler, byrum og parker. Plads til op til 4 personer.","breadcrumb":{"@id":"https:\/\/outsiderfurniture.com\/product\/plateau-saeder\/#breadcrumb"},"inLanguage":"da-DK","potentialAction":[{"@type":"ReadAction","target":["https:\/\/outsiderfurniture.com\/product\/plateau-saeder\/"]}]},{"@type":"ImageObject","inLanguage":"da-DK","@id":"https:\/\/outsiderfurniture.com\/product\/plateau-saeder\/#primaryimage","url":"https:\/\/outsiderfurniture.com\/wp-content\/uploads\/2023\/02\/PLATEAU-Seat-medium-00-1800x1200px.jpg","contentUrl":"https:\/\/outsiderfurniture.com\/wp-content\/uploads\/2023\/02\/PLATEAU-Seat-medium-00-1800x1200px.jpg","width":1800,"height":1199},{"@type":"BreadcrumbList","@id":"https:\/\/outsiderfurniture.com\/product\/plateau-saeder\/#breadcrumb","itemListElement":[{"@type":"ListItem","position":1,"name":"Home","item":"https:\/\/outsiderfurniture.com\/da\/"},{"@type":"ListItem","position":2,"name":"Plateau S\u00e6der"}]},{"@type":"WebSite","@id":"https:\/\/outsiderfurniture.com\/#website","url":"https:\/\/outsiderfurniture.com\/","name":"out-sider","description":"Rethink Urban Space","publisher":{"@id":"https:\/\/outsiderfurniture.com\/#organization"},"potentialAction":[{"@type":"SearchAction","target":{"@type":"EntryPoint","urlTemplate":"https:\/\/outsiderfurniture.com\/?s={search_term_string}"},"query-input":{"@type":"PropertyValueSpecification","valueRequired":true,"valueName":"search_term_string"}}],"inLanguage":"da-DK"},{"@type":"Organization","@id":"https:\/\/outsiderfurniture.com\/#organization","name":"out-sider A\/S","url":"https:\/\/outsiderfurniture.com\/","logo":{"@type":"ImageObject","inLanguage":"da-DK","@id":"https:\/\/outsiderfurniture.com\/#\/schema\/logo\/image\/","url":"https:\/\/outsiderfurniture.com\/wp-content\/uploads\/2024\/01\/307767742_485762666897697_5573944205437825709_n-2.png","contentUrl":"https:\/\/outsiderfurniture.com\/wp-content\/uploads\/2024\/01\/307767742_485762666897697_5573944205437825709_n-2.png","width":480,"height":480,"caption":"out-sider A\/S"},"image":{"@id":"https:\/\/outsiderfurniture.com\/#\/schema\/logo\/image\/"},"sameAs":["https:\/\/www.facebook.com\/outsidercopenhagen","https:\/\/www.linkedin.com\/company\/out-sider\/"]}]}},"_links":{"self":[{"href":"https:\/\/outsiderfurniture.com\/da\/wp-json\/wp\/v2\/product\/5135","targetHints":{"allow":["GET"]}}],"collection":[{"href":"https:\/\/outsiderfurniture.com\/da\/wp-json\/wp\/v2\/product"}],"about":[{"href":"https:\/\/outsiderfurniture.com\/da\/wp-json\/wp\/v2\/types\/product"}],"author":[{"embeddable":true,"href":"https:\/\/outsiderfurniture.com\/da\/wp-json\/wp\/v2\/users\/16"}],"replies":[{"embeddable":true,"href":"https:\/\/outsiderfurniture.com\/da\/wp-json\/wp\/v2\/comments?post=5135"}],"wp:featuredmedia":[{"embeddable":true,"href":"https:\/\/outsiderfurniture.com\/da\/wp-json\/wp\/v2\/media\/5137"}],"wp:attachment":[{"href":"https:\/\/outsiderfurniture.com\/da\/wp-json\/wp\/v2\/media?parent=5135"}],"wp:term":[{"taxonomy":"product-categories","embeddable":true,"href":"https:\/\/outsiderfurniture.com\/da\/wp-json\/wp\/v2\/product-categories?post=5135"},{"taxonomy":"familier","embeddable":true,"href":"https:\/\/outsiderfurniture.com\/da\/wp-json\/wp\/v2\/familier?post=5135"}],"curies":[{"name":"wp","href":"https:\/\/api.w.org\/{rel}","templated":true}]}}