{"id":11261,"date":"2023-06-27T09:28:51","date_gmt":"2023-06-27T09:28:51","guid":{"rendered":"https:\/\/outsiderfurniture.com\/?post_type=product&#038;p=11261"},"modified":"2024-08-27T14:11:38","modified_gmt":"2024-08-27T14:11:38","slug":"boa","status":"publish","type":"product","link":"https:\/\/outsiderfurniture.com\/da\/product\/boa\/","title":{"rendered":"Boa"},"content":{"rendered":"","protected":false},"excerpt":{"rendered":"","protected":false},"author":16,"featured_media":11301,"comment_status":"closed","ping_status":"closed","template":"","product-categories":[102],"familier":[],"class_list":["post-11261","product","type-product","status-publish","has-post-thumbnail","hentry","product-categories-multifunktionel"],"acf":[],"yoast_head":"<!-- This site is optimized with the Yoast SEO plugin v27.3 - https:\/\/yoast.com\/product\/yoast-seo-wordpress\/ -->\n<title>Boa &#8211; out-sider<\/title>\n<meta name=\"description\" content=\"Boa: Funky m\u00f8bel til byrum, skoleg\u00e5rde og parker. Skulpturel og fleksibel by inventar, der inviterer til hvile og leg. F\u00e5s i 12 farver.\" \/>\n<meta name=\"robots\" content=\"index, follow, max-snippet:-1, max-image-preview:large, max-video-preview:-1\" \/>\n<link rel=\"canonical\" href=\"https:\/\/outsiderfurniture.com\/product\/boa\/\" \/>\n<meta property=\"og:locale\" content=\"da_DK\" \/>\n<meta property=\"og:type\" content=\"article\" \/>\n<meta property=\"og:title\" content=\"Boa &#8211; out-sider\" \/>\n<meta property=\"og:description\" content=\"Boa: Funky m\u00f8bel til byrum, skoleg\u00e5rde og parker. Skulpturel og fleksibel by inventar, der inviterer til hvile og leg. F\u00e5s i 12 farver.\" \/>\n<meta property=\"og:url\" content=\"https:\/\/outsiderfurniture.com\/product\/boa\/\" \/>\n<meta property=\"og:site_name\" content=\"out-sider\" \/>\n<meta property=\"article:publisher\" content=\"https:\/\/www.facebook.com\/outsidercopenhagen\" \/>\n<meta property=\"article:modified_time\" content=\"2024-08-27T14:11:38+00:00\" \/>\n<meta property=\"og:image\" content=\"https:\/\/outsiderfurniture.com\/wp-content\/uploads\/2023\/06\/Boa_01AAA-1.jpg\" \/>\n\t<meta property=\"og:image:width\" content=\"1800\" \/>\n\t<meta property=\"og:image:height\" content=\"1200\" \/>\n\t<meta property=\"og:image:type\" content=\"image\/jpeg\" \/>\n<meta name=\"twitter:card\" content=\"summary_large_image\" \/>\n<meta name=\"twitter:label1\" content=\"Estimeret l\u00e6setid\" \/>\n\t<meta name=\"twitter:data1\" content=\"15 minutter\" \/>\n<script type=\"application\/ld+json\" class=\"yoast-schema-graph\">{\"@context\":\"https:\\\/\\\/schema.org\",\"@graph\":[{\"@type\":\"WebPage\",\"@id\":\"https:\\\/\\\/outsiderfurniture.com\\\/product\\\/boa\\\/\",\"url\":\"https:\\\/\\\/outsiderfurniture.com\\\/product\\\/boa\\\/\",\"name\":\"Boa &#8211; out-sider\",\"isPartOf\":{\"@id\":\"https:\\\/\\\/outsiderfurniture.com\\\/#website\"},\"primaryImageOfPage\":{\"@id\":\"https:\\\/\\\/outsiderfurniture.com\\\/product\\\/boa\\\/#primaryimage\"},\"image\":{\"@id\":\"https:\\\/\\\/outsiderfurniture.com\\\/product\\\/boa\\\/#primaryimage\"},\"thumbnailUrl\":\"https:\\\/\\\/outsiderfurniture.com\\\/wp-content\\\/uploads\\\/2023\\\/06\\\/Boa_01AAA-1.jpg\",\"datePublished\":\"2023-06-27T09:28:51+00:00\",\"dateModified\":\"2024-08-27T14:11:38+00:00\",\"description\":\"Boa: Funky m\u00f8bel til byrum, skoleg\u00e5rde og parker. Skulpturel og fleksibel by inventar, der inviterer til hvile og leg. F\u00e5s i 12 farver.\",\"breadcrumb\":{\"@id\":\"https:\\\/\\\/outsiderfurniture.com\\\/product\\\/boa\\\/#breadcrumb\"},\"inLanguage\":\"da-DK\",\"potentialAction\":[{\"@type\":\"ReadAction\",\"target\":[\"https:\\\/\\\/outsiderfurniture.com\\\/product\\\/boa\\\/\"]}]},{\"@type\":\"ImageObject\",\"inLanguage\":\"da-DK\",\"@id\":\"https:\\\/\\\/outsiderfurniture.com\\\/product\\\/boa\\\/#primaryimage\",\"url\":\"https:\\\/\\\/outsiderfurniture.com\\\/wp-content\\\/uploads\\\/2023\\\/06\\\/Boa_01AAA-1.jpg\",\"contentUrl\":\"https:\\\/\\\/outsiderfurniture.com\\\/wp-content\\\/uploads\\\/2023\\\/06\\\/Boa_01AAA-1.jpg\",\"width\":1800,\"height\":1200},{\"@type\":\"BreadcrumbList\",\"@id\":\"https:\\\/\\\/outsiderfurniture.com\\\/product\\\/boa\\\/#breadcrumb\",\"itemListElement\":[{\"@type\":\"ListItem\",\"position\":1,\"name\":\"Home\",\"item\":\"https:\\\/\\\/outsiderfurniture.com\\\/da\\\/\"},{\"@type\":\"ListItem\",\"position\":2,\"name\":\"Boa\"}]},{\"@type\":\"WebSite\",\"@id\":\"https:\\\/\\\/outsiderfurniture.com\\\/#website\",\"url\":\"https:\\\/\\\/outsiderfurniture.com\\\/\",\"name\":\"out-sider\",\"description\":\"Rethink Urban Space\",\"publisher\":{\"@id\":\"https:\\\/\\\/outsiderfurniture.com\\\/#organization\"},\"potentialAction\":[{\"@type\":\"SearchAction\",\"target\":{\"@type\":\"EntryPoint\",\"urlTemplate\":\"https:\\\/\\\/outsiderfurniture.com\\\/?s={search_term_string}\"},\"query-input\":{\"@type\":\"PropertyValueSpecification\",\"valueRequired\":true,\"valueName\":\"search_term_string\"}}],\"inLanguage\":\"da-DK\"},{\"@type\":\"Organization\",\"@id\":\"https:\\\/\\\/outsiderfurniture.com\\\/#organization\",\"name\":\"out-sider A\\\/S\",\"url\":\"https:\\\/\\\/outsiderfurniture.com\\\/\",\"logo\":{\"@type\":\"ImageObject\",\"inLanguage\":\"da-DK\",\"@id\":\"https:\\\/\\\/outsiderfurniture.com\\\/#\\\/schema\\\/logo\\\/image\\\/\",\"url\":\"https:\\\/\\\/outsiderfurniture.com\\\/wp-content\\\/uploads\\\/2024\\\/01\\\/307767742_485762666897697_5573944205437825709_n-2.png\",\"contentUrl\":\"https:\\\/\\\/outsiderfurniture.com\\\/wp-content\\\/uploads\\\/2024\\\/01\\\/307767742_485762666897697_5573944205437825709_n-2.png\",\"width\":480,\"height\":480,\"caption\":\"out-sider A\\\/S\"},\"image\":{\"@id\":\"https:\\\/\\\/outsiderfurniture.com\\\/#\\\/schema\\\/logo\\\/image\\\/\"},\"sameAs\":[\"https:\\\/\\\/www.facebook.com\\\/outsidercopenhagen\",\"https:\\\/\\\/www.linkedin.com\\\/company\\\/out-sider\\\/\"]}]}<\/script>\n<!-- \/ Yoast SEO plugin. -->","yoast_head_json":{"title":"Boa &#8211; out-sider","description":"Boa: Funky m\u00f8bel til byrum, skoleg\u00e5rde og parker. Skulpturel og fleksibel by inventar, der inviterer til hvile og leg. F\u00e5s i 12 farver.","robots":{"index":"index","follow":"follow","max-snippet":"max-snippet:-1","max-image-preview":"max-image-preview:large","max-video-preview":"max-video-preview:-1"},"canonical":"https:\/\/outsiderfurniture.com\/product\/boa\/","og_locale":"da_DK","og_type":"article","og_title":"Boa &#8211; out-sider","og_description":"Boa: Funky m\u00f8bel til byrum, skoleg\u00e5rde og parker. Skulpturel og fleksibel by inventar, der inviterer til hvile og leg. F\u00e5s i 12 farver.","og_url":"https:\/\/outsiderfurniture.com\/product\/boa\/","og_site_name":"out-sider","article_publisher":"https:\/\/www.facebook.com\/outsidercopenhagen","article_modified_time":"2024-08-27T14:11:38+00:00","og_image":[{"width":1800,"height":1200,"url":"https:\/\/outsiderfurniture.com\/wp-content\/uploads\/2023\/06\/Boa_01AAA-1.jpg","type":"image\/jpeg"}],"twitter_card":"summary_large_image","twitter_misc":{"Estimeret l\u00e6setid":"15 minutter"},"schema":{"@context":"https:\/\/schema.org","@graph":[{"@type":"WebPage","@id":"https:\/\/outsiderfurniture.com\/product\/boa\/","url":"https:\/\/outsiderfurniture.com\/product\/boa\/","name":"Boa &#8211; out-sider","isPartOf":{"@id":"https:\/\/outsiderfurniture.com\/#website"},"primaryImageOfPage":{"@id":"https:\/\/outsiderfurniture.com\/product\/boa\/#primaryimage"},"image":{"@id":"https:\/\/outsiderfurniture.com\/product\/boa\/#primaryimage"},"thumbnailUrl":"https:\/\/outsiderfurniture.com\/wp-content\/uploads\/2023\/06\/Boa_01AAA-1.jpg","datePublished":"2023-06-27T09:28:51+00:00","dateModified":"2024-08-27T14:11:38+00:00","description":"Boa: Funky m\u00f8bel til byrum, skoleg\u00e5rde og parker. Skulpturel og fleksibel by inventar, der inviterer til hvile og leg. F\u00e5s i 12 farver.","breadcrumb":{"@id":"https:\/\/outsiderfurniture.com\/product\/boa\/#breadcrumb"},"inLanguage":"da-DK","potentialAction":[{"@type":"ReadAction","target":["https:\/\/outsiderfurniture.com\/product\/boa\/"]}]},{"@type":"ImageObject","inLanguage":"da-DK","@id":"https:\/\/outsiderfurniture.com\/product\/boa\/#primaryimage","url":"https:\/\/outsiderfurniture.com\/wp-content\/uploads\/2023\/06\/Boa_01AAA-1.jpg","contentUrl":"https:\/\/outsiderfurniture.com\/wp-content\/uploads\/2023\/06\/Boa_01AAA-1.jpg","width":1800,"height":1200},{"@type":"BreadcrumbList","@id":"https:\/\/outsiderfurniture.com\/product\/boa\/#breadcrumb","itemListElement":[{"@type":"ListItem","position":1,"name":"Home","item":"https:\/\/outsiderfurniture.com\/da\/"},{"@type":"ListItem","position":2,"name":"Boa"}]},{"@type":"WebSite","@id":"https:\/\/outsiderfurniture.com\/#website","url":"https:\/\/outsiderfurniture.com\/","name":"out-sider","description":"Rethink Urban Space","publisher":{"@id":"https:\/\/outsiderfurniture.com\/#organization"},"potentialAction":[{"@type":"SearchAction","target":{"@type":"EntryPoint","urlTemplate":"https:\/\/outsiderfurniture.com\/?s={search_term_string}"},"query-input":{"@type":"PropertyValueSpecification","valueRequired":true,"valueName":"search_term_string"}}],"inLanguage":"da-DK"},{"@type":"Organization","@id":"https:\/\/outsiderfurniture.com\/#organization","name":"out-sider A\/S","url":"https:\/\/outsiderfurniture.com\/","logo":{"@type":"ImageObject","inLanguage":"da-DK","@id":"https:\/\/outsiderfurniture.com\/#\/schema\/logo\/image\/","url":"https:\/\/outsiderfurniture.com\/wp-content\/uploads\/2024\/01\/307767742_485762666897697_5573944205437825709_n-2.png","contentUrl":"https:\/\/outsiderfurniture.com\/wp-content\/uploads\/2024\/01\/307767742_485762666897697_5573944205437825709_n-2.png","width":480,"height":480,"caption":"out-sider A\/S"},"image":{"@id":"https:\/\/outsiderfurniture.com\/#\/schema\/logo\/image\/"},"sameAs":["https:\/\/www.facebook.com\/outsidercopenhagen","https:\/\/www.linkedin.com\/company\/out-sider\/"]}]}},"_links":{"self":[{"href":"https:\/\/outsiderfurniture.com\/da\/wp-json\/wp\/v2\/product\/11261","targetHints":{"allow":["GET"]}}],"collection":[{"href":"https:\/\/outsiderfurniture.com\/da\/wp-json\/wp\/v2\/product"}],"about":[{"href":"https:\/\/outsiderfurniture.com\/da\/wp-json\/wp\/v2\/types\/product"}],"author":[{"embeddable":true,"href":"https:\/\/outsiderfurniture.com\/da\/wp-json\/wp\/v2\/users\/16"}],"replies":[{"embeddable":true,"href":"https:\/\/outsiderfurniture.com\/da\/wp-json\/wp\/v2\/comments?post=11261"}],"wp:featuredmedia":[{"embeddable":true,"href":"https:\/\/outsiderfurniture.com\/da\/wp-json\/wp\/v2\/media\/11301"}],"wp:attachment":[{"href":"https:\/\/outsiderfurniture.com\/da\/wp-json\/wp\/v2\/media?parent=11261"}],"wp:term":[{"taxonomy":"product-categories","embeddable":true,"href":"https:\/\/outsiderfurniture.com\/da\/wp-json\/wp\/v2\/product-categories?post=11261"},{"taxonomy":"familier","embeddable":true,"href":"https:\/\/outsiderfurniture.com\/da\/wp-json\/wp\/v2\/familier?post=11261"}],"curies":[{"name":"wp","href":"https:\/\/api.w.org\/{rel}","templated":true}]}}