{"id":11005,"date":"2023-06-19T09:11:58","date_gmt":"2023-06-19T09:11:58","guid":{"rendered":"https:\/\/outsiderfurniture.com\/?post_type=product&#038;p=11005"},"modified":"2025-02-07T09:57:31","modified_gmt":"2025-02-07T09:57:31","slug":"fitstation","status":"publish","type":"product","link":"https:\/\/outsiderfurniture.com\/da\/product\/fitstation\/","title":{"rendered":"Fitstation"},"content":{"rendered":"","protected":false},"excerpt":{"rendered":"","protected":false},"author":16,"featured_media":11032,"comment_status":"closed","ping_status":"closed","template":"","product-categories":[107,102],"familier":[],"class_list":["post-11005","product","type-product","status-publish","has-post-thumbnail","hentry","product-categories-andre","product-categories-multifunktionel"],"acf":[],"yoast_head":"<!-- This site is optimized with the Yoast SEO plugin v27.3 - https:\/\/yoast.com\/product\/yoast-seo-wordpress\/ -->\n<title>Fitstation - tr\u00e6ningsstation til by og park | outsiderfurniture.com<\/title>\n<meta name=\"description\" content=\"Udend\u00f8rs tr\u00e6ningsstation til byrum og park fra out-sider. Skab aktive omr\u00e5der med holdbare fitnessl\u00f8sninger til offentlig brug.\" \/>\n<meta name=\"robots\" content=\"index, follow, max-snippet:-1, max-image-preview:large, max-video-preview:-1\" \/>\n<link rel=\"canonical\" href=\"https:\/\/outsiderfurniture.com\/product\/fitstation\/\" \/>\n<meta property=\"og:locale\" content=\"da_DK\" \/>\n<meta property=\"og:type\" content=\"article\" \/>\n<meta property=\"og:title\" content=\"Fitstation - tr\u00e6ningsstation til by og park | outsiderfurniture.com\" \/>\n<meta property=\"og:description\" content=\"Udend\u00f8rs tr\u00e6ningsstation til byrum og park fra out-sider. Skab aktive omr\u00e5der med holdbare fitnessl\u00f8sninger til offentlig brug.\" \/>\n<meta property=\"og:url\" content=\"https:\/\/outsiderfurniture.com\/product\/fitstation\/\" \/>\n<meta property=\"og:site_name\" content=\"out-sider\" \/>\n<meta property=\"article:publisher\" content=\"https:\/\/www.facebook.com\/outsidercopenhagen\" \/>\n<meta property=\"article:modified_time\" content=\"2025-02-07T09:57:31+00:00\" \/>\n<meta property=\"og:image\" content=\"https:\/\/outsiderfurniture.com\/wp-content\/uploads\/2023\/06\/Fitstation_1800x1200px_comp.jpg\" \/>\n\t<meta property=\"og:image:width\" content=\"1800\" \/>\n\t<meta property=\"og:image:height\" content=\"1200\" \/>\n\t<meta property=\"og:image:type\" content=\"image\/jpeg\" \/>\n<meta name=\"twitter:card\" content=\"summary_large_image\" \/>\n<meta name=\"twitter:label1\" content=\"Estimeret l\u00e6setid\" \/>\n\t<meta name=\"twitter:data1\" content=\"13 minutter\" \/>\n<script type=\"application\/ld+json\" class=\"yoast-schema-graph\">{\"@context\":\"https:\\\/\\\/schema.org\",\"@graph\":[{\"@type\":\"WebPage\",\"@id\":\"https:\\\/\\\/outsiderfurniture.com\\\/product\\\/fitstation\\\/\",\"url\":\"https:\\\/\\\/outsiderfurniture.com\\\/product\\\/fitstation\\\/\",\"name\":\"Fitstation - tr\u00e6ningsstation til by og park | outsiderfurniture.com\",\"isPartOf\":{\"@id\":\"https:\\\/\\\/outsiderfurniture.com\\\/#website\"},\"primaryImageOfPage\":{\"@id\":\"https:\\\/\\\/outsiderfurniture.com\\\/product\\\/fitstation\\\/#primaryimage\"},\"image\":{\"@id\":\"https:\\\/\\\/outsiderfurniture.com\\\/product\\\/fitstation\\\/#primaryimage\"},\"thumbnailUrl\":\"https:\\\/\\\/outsiderfurniture.com\\\/wp-content\\\/uploads\\\/2023\\\/06\\\/Fitstation_1800x1200px_comp.jpg\",\"datePublished\":\"2023-06-19T09:11:58+00:00\",\"dateModified\":\"2025-02-07T09:57:31+00:00\",\"description\":\"Udend\u00f8rs tr\u00e6ningsstation til byrum og park fra out-sider. Skab aktive omr\u00e5der med holdbare fitnessl\u00f8sninger til offentlig brug.\",\"breadcrumb\":{\"@id\":\"https:\\\/\\\/outsiderfurniture.com\\\/product\\\/fitstation\\\/#breadcrumb\"},\"inLanguage\":\"da-DK\",\"potentialAction\":[{\"@type\":\"ReadAction\",\"target\":[\"https:\\\/\\\/outsiderfurniture.com\\\/product\\\/fitstation\\\/\"]}]},{\"@type\":\"ImageObject\",\"inLanguage\":\"da-DK\",\"@id\":\"https:\\\/\\\/outsiderfurniture.com\\\/product\\\/fitstation\\\/#primaryimage\",\"url\":\"https:\\\/\\\/outsiderfurniture.com\\\/wp-content\\\/uploads\\\/2023\\\/06\\\/Fitstation_1800x1200px_comp.jpg\",\"contentUrl\":\"https:\\\/\\\/outsiderfurniture.com\\\/wp-content\\\/uploads\\\/2023\\\/06\\\/Fitstation_1800x1200px_comp.jpg\",\"width\":1800,\"height\":1200,\"caption\":\"Alt-i-en-tr\u00e6nings-enhed-til-byrummet\"},{\"@type\":\"BreadcrumbList\",\"@id\":\"https:\\\/\\\/outsiderfurniture.com\\\/product\\\/fitstation\\\/#breadcrumb\",\"itemListElement\":[{\"@type\":\"ListItem\",\"position\":1,\"name\":\"Home\",\"item\":\"https:\\\/\\\/outsiderfurniture.com\\\/da\\\/\"},{\"@type\":\"ListItem\",\"position\":2,\"name\":\"Fitstation\"}]},{\"@type\":\"WebSite\",\"@id\":\"https:\\\/\\\/outsiderfurniture.com\\\/#website\",\"url\":\"https:\\\/\\\/outsiderfurniture.com\\\/\",\"name\":\"out-sider\",\"description\":\"Rethink Urban Space\",\"publisher\":{\"@id\":\"https:\\\/\\\/outsiderfurniture.com\\\/#organization\"},\"potentialAction\":[{\"@type\":\"SearchAction\",\"target\":{\"@type\":\"EntryPoint\",\"urlTemplate\":\"https:\\\/\\\/outsiderfurniture.com\\\/?s={search_term_string}\"},\"query-input\":{\"@type\":\"PropertyValueSpecification\",\"valueRequired\":true,\"valueName\":\"search_term_string\"}}],\"inLanguage\":\"da-DK\"},{\"@type\":\"Organization\",\"@id\":\"https:\\\/\\\/outsiderfurniture.com\\\/#organization\",\"name\":\"out-sider A\\\/S\",\"url\":\"https:\\\/\\\/outsiderfurniture.com\\\/\",\"logo\":{\"@type\":\"ImageObject\",\"inLanguage\":\"da-DK\",\"@id\":\"https:\\\/\\\/outsiderfurniture.com\\\/#\\\/schema\\\/logo\\\/image\\\/\",\"url\":\"https:\\\/\\\/outsiderfurniture.com\\\/wp-content\\\/uploads\\\/2024\\\/01\\\/307767742_485762666897697_5573944205437825709_n-2.png\",\"contentUrl\":\"https:\\\/\\\/outsiderfurniture.com\\\/wp-content\\\/uploads\\\/2024\\\/01\\\/307767742_485762666897697_5573944205437825709_n-2.png\",\"width\":480,\"height\":480,\"caption\":\"out-sider A\\\/S\"},\"image\":{\"@id\":\"https:\\\/\\\/outsiderfurniture.com\\\/#\\\/schema\\\/logo\\\/image\\\/\"},\"sameAs\":[\"https:\\\/\\\/www.facebook.com\\\/outsidercopenhagen\",\"https:\\\/\\\/www.linkedin.com\\\/company\\\/out-sider\\\/\"]}]}<\/script>\n<!-- \/ Yoast SEO plugin. -->","yoast_head_json":{"title":"Fitstation - tr\u00e6ningsstation til by og park | outsiderfurniture.com","description":"Udend\u00f8rs tr\u00e6ningsstation til byrum og park fra out-sider. Skab aktive omr\u00e5der med holdbare fitnessl\u00f8sninger til offentlig brug.","robots":{"index":"index","follow":"follow","max-snippet":"max-snippet:-1","max-image-preview":"max-image-preview:large","max-video-preview":"max-video-preview:-1"},"canonical":"https:\/\/outsiderfurniture.com\/product\/fitstation\/","og_locale":"da_DK","og_type":"article","og_title":"Fitstation - tr\u00e6ningsstation til by og park | outsiderfurniture.com","og_description":"Udend\u00f8rs tr\u00e6ningsstation til byrum og park fra out-sider. Skab aktive omr\u00e5der med holdbare fitnessl\u00f8sninger til offentlig brug.","og_url":"https:\/\/outsiderfurniture.com\/product\/fitstation\/","og_site_name":"out-sider","article_publisher":"https:\/\/www.facebook.com\/outsidercopenhagen","article_modified_time":"2025-02-07T09:57:31+00:00","og_image":[{"width":1800,"height":1200,"url":"https:\/\/outsiderfurniture.com\/wp-content\/uploads\/2023\/06\/Fitstation_1800x1200px_comp.jpg","type":"image\/jpeg"}],"twitter_card":"summary_large_image","twitter_misc":{"Estimeret l\u00e6setid":"13 minutter"},"schema":{"@context":"https:\/\/schema.org","@graph":[{"@type":"WebPage","@id":"https:\/\/outsiderfurniture.com\/product\/fitstation\/","url":"https:\/\/outsiderfurniture.com\/product\/fitstation\/","name":"Fitstation - tr\u00e6ningsstation til by og park | outsiderfurniture.com","isPartOf":{"@id":"https:\/\/outsiderfurniture.com\/#website"},"primaryImageOfPage":{"@id":"https:\/\/outsiderfurniture.com\/product\/fitstation\/#primaryimage"},"image":{"@id":"https:\/\/outsiderfurniture.com\/product\/fitstation\/#primaryimage"},"thumbnailUrl":"https:\/\/outsiderfurniture.com\/wp-content\/uploads\/2023\/06\/Fitstation_1800x1200px_comp.jpg","datePublished":"2023-06-19T09:11:58+00:00","dateModified":"2025-02-07T09:57:31+00:00","description":"Udend\u00f8rs tr\u00e6ningsstation til byrum og park fra out-sider. Skab aktive omr\u00e5der med holdbare fitnessl\u00f8sninger til offentlig brug.","breadcrumb":{"@id":"https:\/\/outsiderfurniture.com\/product\/fitstation\/#breadcrumb"},"inLanguage":"da-DK","potentialAction":[{"@type":"ReadAction","target":["https:\/\/outsiderfurniture.com\/product\/fitstation\/"]}]},{"@type":"ImageObject","inLanguage":"da-DK","@id":"https:\/\/outsiderfurniture.com\/product\/fitstation\/#primaryimage","url":"https:\/\/outsiderfurniture.com\/wp-content\/uploads\/2023\/06\/Fitstation_1800x1200px_comp.jpg","contentUrl":"https:\/\/outsiderfurniture.com\/wp-content\/uploads\/2023\/06\/Fitstation_1800x1200px_comp.jpg","width":1800,"height":1200,"caption":"Alt-i-en-tr\u00e6nings-enhed-til-byrummet"},{"@type":"BreadcrumbList","@id":"https:\/\/outsiderfurniture.com\/product\/fitstation\/#breadcrumb","itemListElement":[{"@type":"ListItem","position":1,"name":"Home","item":"https:\/\/outsiderfurniture.com\/da\/"},{"@type":"ListItem","position":2,"name":"Fitstation"}]},{"@type":"WebSite","@id":"https:\/\/outsiderfurniture.com\/#website","url":"https:\/\/outsiderfurniture.com\/","name":"out-sider","description":"Rethink Urban Space","publisher":{"@id":"https:\/\/outsiderfurniture.com\/#organization"},"potentialAction":[{"@type":"SearchAction","target":{"@type":"EntryPoint","urlTemplate":"https:\/\/outsiderfurniture.com\/?s={search_term_string}"},"query-input":{"@type":"PropertyValueSpecification","valueRequired":true,"valueName":"search_term_string"}}],"inLanguage":"da-DK"},{"@type":"Organization","@id":"https:\/\/outsiderfurniture.com\/#organization","name":"out-sider A\/S","url":"https:\/\/outsiderfurniture.com\/","logo":{"@type":"ImageObject","inLanguage":"da-DK","@id":"https:\/\/outsiderfurniture.com\/#\/schema\/logo\/image\/","url":"https:\/\/outsiderfurniture.com\/wp-content\/uploads\/2024\/01\/307767742_485762666897697_5573944205437825709_n-2.png","contentUrl":"https:\/\/outsiderfurniture.com\/wp-content\/uploads\/2024\/01\/307767742_485762666897697_5573944205437825709_n-2.png","width":480,"height":480,"caption":"out-sider A\/S"},"image":{"@id":"https:\/\/outsiderfurniture.com\/#\/schema\/logo\/image\/"},"sameAs":["https:\/\/www.facebook.com\/outsidercopenhagen","https:\/\/www.linkedin.com\/company\/out-sider\/"]}]}},"_links":{"self":[{"href":"https:\/\/outsiderfurniture.com\/da\/wp-json\/wp\/v2\/product\/11005","targetHints":{"allow":["GET"]}}],"collection":[{"href":"https:\/\/outsiderfurniture.com\/da\/wp-json\/wp\/v2\/product"}],"about":[{"href":"https:\/\/outsiderfurniture.com\/da\/wp-json\/wp\/v2\/types\/product"}],"author":[{"embeddable":true,"href":"https:\/\/outsiderfurniture.com\/da\/wp-json\/wp\/v2\/users\/16"}],"replies":[{"embeddable":true,"href":"https:\/\/outsiderfurniture.com\/da\/wp-json\/wp\/v2\/comments?post=11005"}],"wp:featuredmedia":[{"embeddable":true,"href":"https:\/\/outsiderfurniture.com\/da\/wp-json\/wp\/v2\/media\/11032"}],"wp:attachment":[{"href":"https:\/\/outsiderfurniture.com\/da\/wp-json\/wp\/v2\/media?parent=11005"}],"wp:term":[{"taxonomy":"product-categories","embeddable":true,"href":"https:\/\/outsiderfurniture.com\/da\/wp-json\/wp\/v2\/product-categories?post=11005"},{"taxonomy":"familier","embeddable":true,"href":"https:\/\/outsiderfurniture.com\/da\/wp-json\/wp\/v2\/familier?post=11005"}],"curies":[{"name":"wp","href":"https:\/\/api.w.org\/{rel}","templated":true}]}}