{"id":1053,"date":"2022-10-09T11:35:58","date_gmt":"2022-10-09T11:35:58","guid":{"rendered":"https:\/\/outsiderfurniture.com\/"},"modified":"2026-03-27T10:05:17","modified_gmt":"2026-03-27T10:05:17","slug":"baeredygtighed","status":"publish","type":"page","link":"https:\/\/outsiderfurniture.com\/da\/baeredygtighed\/","title":{"rendered":"B\u00e6redygtighed"},"content":{"rendered":"","protected":false},"excerpt":{"rendered":"","protected":false},"author":16,"featured_media":6670,"parent":0,"menu_order":2,"comment_status":"closed","ping_status":"closed","template":"","meta":{"_acf_changed":false,"footnotes":""},"class_list":["post-1053","page","type-page","status-publish","has-post-thumbnail","hentry"],"acf":[],"yoast_head":"<!-- This site is optimized with the Yoast SEO plugin v27.3 - https:\/\/yoast.com\/product\/yoast-seo-wordpress\/ -->\n<title>B\u00e6redygtighed &#8211; out-sider<\/title>\n<meta name=\"description\" content=\"out-siders fokusomr\u00e5der for b\u00e6redygtighed\" \/>\n<meta name=\"robots\" content=\"index, follow, max-snippet:-1, max-image-preview:large, max-video-preview:-1\" \/>\n<link rel=\"canonical\" href=\"https:\/\/outsiderfurniture.com\/da\/baeredygtighed\/\" \/>\n<meta property=\"og:locale\" content=\"da_DK\" \/>\n<meta property=\"og:type\" content=\"article\" \/>\n<meta property=\"og:title\" content=\"B\u00e6redygtighed &#8211; out-sider\" \/>\n<meta property=\"og:description\" content=\"out-siders fokusomr\u00e5der for b\u00e6redygtighed\" \/>\n<meta property=\"og:url\" content=\"https:\/\/outsiderfurniture.com\/da\/baeredygtighed\/\" \/>\n<meta property=\"og:site_name\" content=\"out-sider\" \/>\n<meta property=\"article:publisher\" content=\"https:\/\/www.facebook.com\/outsidercopenhagen\" \/>\n<meta property=\"article:modified_time\" content=\"2026-03-27T10:05:17+00:00\" \/>\n<meta property=\"og:image\" content=\"https:\/\/outsiderfurniture.com\/wp-content\/uploads\/2023\/03\/Deafalt-3-1.png\" \/>\n\t<meta property=\"og:image:width\" content=\"1528\" \/>\n\t<meta property=\"og:image:height\" content=\"1260\" \/>\n\t<meta property=\"og:image:type\" content=\"image\/png\" \/>\n<meta name=\"twitter:card\" content=\"summary_large_image\" \/>\n<meta name=\"twitter:label1\" content=\"Estimeret l\u00e6setid\" \/>\n\t<meta name=\"twitter:data1\" content=\"7 minutter\" \/>\n<script type=\"application\/ld+json\" class=\"yoast-schema-graph\">{\"@context\":\"https:\\\/\\\/schema.org\",\"@graph\":[{\"@type\":\"WebPage\",\"@id\":\"https:\\\/\\\/outsiderfurniture.com\\\/da\\\/baeredygtighed\\\/\",\"url\":\"https:\\\/\\\/outsiderfurniture.com\\\/da\\\/baeredygtighed\\\/\",\"name\":\"B\u00e6redygtighed &#8211; out-sider\",\"isPartOf\":{\"@id\":\"https:\\\/\\\/outsiderfurniture.com\\\/#website\"},\"primaryImageOfPage\":{\"@id\":\"https:\\\/\\\/outsiderfurniture.com\\\/da\\\/baeredygtighed\\\/#primaryimage\"},\"image\":{\"@id\":\"https:\\\/\\\/outsiderfurniture.com\\\/da\\\/baeredygtighed\\\/#primaryimage\"},\"thumbnailUrl\":\"https:\\\/\\\/outsiderfurniture.com\\\/wp-content\\\/uploads\\\/2023\\\/03\\\/Deafalt-3-1.png\",\"datePublished\":\"2022-10-09T11:35:58+00:00\",\"dateModified\":\"2026-03-27T10:05:17+00:00\",\"description\":\"out-siders fokusomr\u00e5der for b\u00e6redygtighed\",\"breadcrumb\":{\"@id\":\"https:\\\/\\\/outsiderfurniture.com\\\/da\\\/baeredygtighed\\\/#breadcrumb\"},\"inLanguage\":\"da-DK\",\"potentialAction\":[{\"@type\":\"ReadAction\",\"target\":[\"https:\\\/\\\/outsiderfurniture.com\\\/da\\\/baeredygtighed\\\/\"]}]},{\"@type\":\"ImageObject\",\"inLanguage\":\"da-DK\",\"@id\":\"https:\\\/\\\/outsiderfurniture.com\\\/da\\\/baeredygtighed\\\/#primaryimage\",\"url\":\"https:\\\/\\\/outsiderfurniture.com\\\/wp-content\\\/uploads\\\/2023\\\/03\\\/Deafalt-3-1.png\",\"contentUrl\":\"https:\\\/\\\/outsiderfurniture.com\\\/wp-content\\\/uploads\\\/2023\\\/03\\\/Deafalt-3-1.png\",\"width\":1528,\"height\":1260},{\"@type\":\"BreadcrumbList\",\"@id\":\"https:\\\/\\\/outsiderfurniture.com\\\/da\\\/baeredygtighed\\\/#breadcrumb\",\"itemListElement\":[{\"@type\":\"ListItem\",\"position\":1,\"name\":\"Home\",\"item\":\"https:\\\/\\\/outsiderfurniture.com\\\/da\\\/\"},{\"@type\":\"ListItem\",\"position\":2,\"name\":\"B\u00e6redygtighed\"}]},{\"@type\":\"WebSite\",\"@id\":\"https:\\\/\\\/outsiderfurniture.com\\\/#website\",\"url\":\"https:\\\/\\\/outsiderfurniture.com\\\/\",\"name\":\"out-sider\",\"description\":\"Rethink Urban Space\",\"publisher\":{\"@id\":\"https:\\\/\\\/outsiderfurniture.com\\\/#organization\"},\"potentialAction\":[{\"@type\":\"SearchAction\",\"target\":{\"@type\":\"EntryPoint\",\"urlTemplate\":\"https:\\\/\\\/outsiderfurniture.com\\\/?s={search_term_string}\"},\"query-input\":{\"@type\":\"PropertyValueSpecification\",\"valueRequired\":true,\"valueName\":\"search_term_string\"}}],\"inLanguage\":\"da-DK\"},{\"@type\":\"Organization\",\"@id\":\"https:\\\/\\\/outsiderfurniture.com\\\/#organization\",\"name\":\"out-sider A\\\/S\",\"url\":\"https:\\\/\\\/outsiderfurniture.com\\\/\",\"logo\":{\"@type\":\"ImageObject\",\"inLanguage\":\"da-DK\",\"@id\":\"https:\\\/\\\/outsiderfurniture.com\\\/#\\\/schema\\\/logo\\\/image\\\/\",\"url\":\"https:\\\/\\\/outsiderfurniture.com\\\/wp-content\\\/uploads\\\/2024\\\/01\\\/307767742_485762666897697_5573944205437825709_n-2.png\",\"contentUrl\":\"https:\\\/\\\/outsiderfurniture.com\\\/wp-content\\\/uploads\\\/2024\\\/01\\\/307767742_485762666897697_5573944205437825709_n-2.png\",\"width\":480,\"height\":480,\"caption\":\"out-sider A\\\/S\"},\"image\":{\"@id\":\"https:\\\/\\\/outsiderfurniture.com\\\/#\\\/schema\\\/logo\\\/image\\\/\"},\"sameAs\":[\"https:\\\/\\\/www.facebook.com\\\/outsidercopenhagen\",\"https:\\\/\\\/www.linkedin.com\\\/company\\\/out-sider\\\/\"]}]}<\/script>\n<!-- \/ Yoast SEO plugin. -->","yoast_head_json":{"title":"B\u00e6redygtighed &#8211; out-sider","description":"out-siders fokusomr\u00e5der for b\u00e6redygtighed","robots":{"index":"index","follow":"follow","max-snippet":"max-snippet:-1","max-image-preview":"max-image-preview:large","max-video-preview":"max-video-preview:-1"},"canonical":"https:\/\/outsiderfurniture.com\/da\/baeredygtighed\/","og_locale":"da_DK","og_type":"article","og_title":"B\u00e6redygtighed &#8211; out-sider","og_description":"out-siders fokusomr\u00e5der for b\u00e6redygtighed","og_url":"https:\/\/outsiderfurniture.com\/da\/baeredygtighed\/","og_site_name":"out-sider","article_publisher":"https:\/\/www.facebook.com\/outsidercopenhagen","article_modified_time":"2026-03-27T10:05:17+00:00","og_image":[{"width":1528,"height":1260,"url":"https:\/\/outsiderfurniture.com\/wp-content\/uploads\/2023\/03\/Deafalt-3-1.png","type":"image\/png"}],"twitter_card":"summary_large_image","twitter_misc":{"Estimeret l\u00e6setid":"7 minutter"},"schema":{"@context":"https:\/\/schema.org","@graph":[{"@type":"WebPage","@id":"https:\/\/outsiderfurniture.com\/da\/baeredygtighed\/","url":"https:\/\/outsiderfurniture.com\/da\/baeredygtighed\/","name":"B\u00e6redygtighed &#8211; out-sider","isPartOf":{"@id":"https:\/\/outsiderfurniture.com\/#website"},"primaryImageOfPage":{"@id":"https:\/\/outsiderfurniture.com\/da\/baeredygtighed\/#primaryimage"},"image":{"@id":"https:\/\/outsiderfurniture.com\/da\/baeredygtighed\/#primaryimage"},"thumbnailUrl":"https:\/\/outsiderfurniture.com\/wp-content\/uploads\/2023\/03\/Deafalt-3-1.png","datePublished":"2022-10-09T11:35:58+00:00","dateModified":"2026-03-27T10:05:17+00:00","description":"out-siders fokusomr\u00e5der for b\u00e6redygtighed","breadcrumb":{"@id":"https:\/\/outsiderfurniture.com\/da\/baeredygtighed\/#breadcrumb"},"inLanguage":"da-DK","potentialAction":[{"@type":"ReadAction","target":["https:\/\/outsiderfurniture.com\/da\/baeredygtighed\/"]}]},{"@type":"ImageObject","inLanguage":"da-DK","@id":"https:\/\/outsiderfurniture.com\/da\/baeredygtighed\/#primaryimage","url":"https:\/\/outsiderfurniture.com\/wp-content\/uploads\/2023\/03\/Deafalt-3-1.png","contentUrl":"https:\/\/outsiderfurniture.com\/wp-content\/uploads\/2023\/03\/Deafalt-3-1.png","width":1528,"height":1260},{"@type":"BreadcrumbList","@id":"https:\/\/outsiderfurniture.com\/da\/baeredygtighed\/#breadcrumb","itemListElement":[{"@type":"ListItem","position":1,"name":"Home","item":"https:\/\/outsiderfurniture.com\/da\/"},{"@type":"ListItem","position":2,"name":"B\u00e6redygtighed"}]},{"@type":"WebSite","@id":"https:\/\/outsiderfurniture.com\/#website","url":"https:\/\/outsiderfurniture.com\/","name":"out-sider","description":"Rethink Urban Space","publisher":{"@id":"https:\/\/outsiderfurniture.com\/#organization"},"potentialAction":[{"@type":"SearchAction","target":{"@type":"EntryPoint","urlTemplate":"https:\/\/outsiderfurniture.com\/?s={search_term_string}"},"query-input":{"@type":"PropertyValueSpecification","valueRequired":true,"valueName":"search_term_string"}}],"inLanguage":"da-DK"},{"@type":"Organization","@id":"https:\/\/outsiderfurniture.com\/#organization","name":"out-sider A\/S","url":"https:\/\/outsiderfurniture.com\/","logo":{"@type":"ImageObject","inLanguage":"da-DK","@id":"https:\/\/outsiderfurniture.com\/#\/schema\/logo\/image\/","url":"https:\/\/outsiderfurniture.com\/wp-content\/uploads\/2024\/01\/307767742_485762666897697_5573944205437825709_n-2.png","contentUrl":"https:\/\/outsiderfurniture.com\/wp-content\/uploads\/2024\/01\/307767742_485762666897697_5573944205437825709_n-2.png","width":480,"height":480,"caption":"out-sider A\/S"},"image":{"@id":"https:\/\/outsiderfurniture.com\/#\/schema\/logo\/image\/"},"sameAs":["https:\/\/www.facebook.com\/outsidercopenhagen","https:\/\/www.linkedin.com\/company\/out-sider\/"]}]}},"_links":{"self":[{"href":"https:\/\/outsiderfurniture.com\/da\/wp-json\/wp\/v2\/pages\/1053","targetHints":{"allow":["GET"]}}],"collection":[{"href":"https:\/\/outsiderfurniture.com\/da\/wp-json\/wp\/v2\/pages"}],"about":[{"href":"https:\/\/outsiderfurniture.com\/da\/wp-json\/wp\/v2\/types\/page"}],"author":[{"embeddable":true,"href":"https:\/\/outsiderfurniture.com\/da\/wp-json\/wp\/v2\/users\/16"}],"replies":[{"embeddable":true,"href":"https:\/\/outsiderfurniture.com\/da\/wp-json\/wp\/v2\/comments?post=1053"}],"version-history":[{"count":7,"href":"https:\/\/outsiderfurniture.com\/da\/wp-json\/wp\/v2\/pages\/1053\/revisions"}],"predecessor-version":[{"id":18283,"href":"https:\/\/outsiderfurniture.com\/da\/wp-json\/wp\/v2\/pages\/1053\/revisions\/18283"}],"wp:featuredmedia":[{"embeddable":true,"href":"https:\/\/outsiderfurniture.com\/da\/wp-json\/wp\/v2\/media\/6670"}],"wp:attachment":[{"href":"https:\/\/outsiderfurniture.com\/da\/wp-json\/wp\/v2\/media?parent=1053"}],"curies":[{"name":"wp","href":"https:\/\/api.w.org\/{rel}","templated":true}]}}